{"id":122,"date":"2017-06-26T13:52:51","date_gmt":"2017-06-26T13:52:51","guid":{"rendered":"http:\/\/stockholm23.select-themes.com\/?page_id=122"},"modified":"2019-12-02T21:17:57","modified_gmt":"2019-12-02T21:17:57","slug":"chi-siamo","status":"publish","type":"page","link":"https:\/\/www.pizzeriadessi.com\/?page_id=122","title":{"rendered":"chi siamo"},"content":{"rendered":"<p>[vc_row row_type=&#8221;parallax&#8221; text_align=&#8221;center&#8221; background_image=&#8221;123&#8243; full_screen_section_height=&#8221;no&#8221;][vc_column][vc_row_inner row_type=&#8221;row&#8221; type=&#8221;full_width&#8221; use_row_as_full_screen_section_slide=&#8221;no&#8221; text_align=&#8221;center&#8221; css_animation=&#8221;element_from_fade&#8221; transition_delay=&#8221;300&#8243;][vc_column_inner][qode_elements_holder number_of_columns=&#8221;one_column&#8221;][qode_elements_holder_item item_padding=&#8221;18% 25% 21.5% 25%&#8221; item_padding_1280_1600=&#8221;17% 20% 14% 20%&#8221; item_padding_1024_1280=&#8221;15% 25% 13% 25%&#8221; item_padding_768_1024=&#8221;17% 20% 15% 20%&#8221; item_padding_600_768=&#8221;15% 10% 17% 10%&#8221; item_padding_480_600=&#8221;24% 0% 25% 0%&#8221; item_padding_480=&#8221;24% 0% 25% 0%&#8221;][vc_single_image image=&#8221;63&#8243; img_size=&#8221;full&#8221; alignment=&#8221;center&#8221; qode_css_animation=&#8221;&#8221;][vc_empty_space height=&#8221;24px&#8221;][vc_column_text]<\/p>\n<h1><span style=\"color: #ffffff;\">CHI SIAMO<\/span><\/h1>\n<p>[\/vc_column_text][vc_empty_space height=&#8221;11px&#8221;]<div class=\"custom_font_holder\" style=\"font-family: Dosis; font-size: 22px; line-height: 31px; font-style: normal; font-weight: 300; text-decoration: none; letter-spacing: 1.3px; text-align: center;\"><span><span style=\"color: #ffffff;\">Cortesia, rapidit\u00e0 e qualit\u00e0.<\/span><\/span><\/div>[\/qode_elements_holder_item][\/qode_elements_holder][\/vc_column_inner][\/vc_row_inner][\/vc_column][\/vc_row][vc_row row_type=&#8221;row&#8221; use_row_as_full_screen_section=&#8221;no&#8221; type=&#8221;full_width&#8221; text_align=&#8221;center&#8221; background_animation=&#8221;none&#8221; css_animation=&#8221;&#8221; css=&#8221;.vc_custom_1498486086807{background-color: #ffffff !important;}&#8221;][vc_column][qode_elements_holder number_of_columns=&#8221;one_column&#8221; alignment_one_column=&#8221;center&#8221;][qode_elements_holder_item item_padding=&#8221;6.3% 37% 7% 37%&#8221; item_padding_1280_1600=&#8221;9% 31% 9% 31%&#8221; item_padding_1024_1280=&#8221;8% 30% 9% 30%&#8221; item_padding_768_1024=&#8221;8% 24% 9% 24%&#8221; item_padding_600_768=&#8221;12% 17% 13% 17%&#8221; item_padding_480_600=&#8221;21% 7% 20% 7%&#8221; item_padding_480=&#8221;21% 7% 20% 7%&#8221;][vc_single_image image=&#8221;15&#8243; img_size=&#8221;full&#8221; alignment=&#8221;center&#8221; qode_css_animation=&#8221;&#8221;][vc_empty_space height=&#8221;27px&#8221;][vc_column_text]<\/p>\n<h2>\u2014 Pi\u00f9 di trent\u2019anni di pizza e farinata \u2014<\/h2>\n<p>[\/vc_column_text][vc_column_text][\/vc_column_text][\/qode_elements_holder_item][\/qode_elements_holder][vc_row_inner row_type=&#8221;row&#8221; type=&#8221;full_width&#8221; use_row_as_full_screen_section_slide=&#8221;no&#8221; text_align=&#8221;left&#8221; css_animation=&#8221;&#8221;][vc_column_inner width=&#8221;1\/6&#8243;][\/vc_column_inner][vc_column_inner width=&#8221;2\/3&#8243;][vc_column_text]La pizzeria Dessi, nasce il 1 gennaio del 1977 , in via madama Cristina 63 , il locale che gi\u00e0 esisteva da 25 anni con il nome \u2018 da Duilio \u2018 , passa cos\u00ec sotto la guida di Antonio Dessi che la ribattezza appunto pizzeria Dessi.<br \/>\nLa nostra \u00e8 la seconda generazione sebbene la prima non sia ancora andata in pensione , e nel corso degli anni siamo cambiati cos\u00ec come cambiano i tempi , partiti da un piccolo punto per l\u2019asporto , abbiamo ampliato i nostri spazi in modo esponenziale per accontentare il pi\u00f9 vasto numero di clienti , solo una cosa non \u00e8 mai cambiata , la nostra farinata , la pizza al tegamino e il castagnaccio che sono i prodotti che ci hanno resi un\u2019istituzione in San salvarlo e forse anche nel resto della citt\u00e0 .<br \/>\nDopo circa 41 anni abbiamo deciso che era giunto il momento di fare l\u2019ennesimo cambiamento, dettato in parte dall\u2019esigenza di una ristrutturazione radicale per questioni puramente pratiche , per ringiovanire il nostro ambiente di lavoro e per una scelta indirizzata verso la qualit\u00e0 .<br \/>\nAbbiamo cos\u00ec ridotto drasticamente il numero di posti a sedere , avendo ben presente la nostra vocazione di pizzeria da asporto e abbiamo reso in questo modo il servizio ancora pi\u00f9 rapido , al passo con i tempi in cui ahim\u00e8 il tempo da dedicare ai pasti \u00e8 sempre pi\u00f9 ridotto .<br \/>\nStreet food \u00e8 il refrain del nuovo millennio e noi siamo un riferimento, il pit stop obbligato per gli estimatori della farinata ![\/vc_column_text][vc_empty_space height=&#8221;26px&#8221;][vc_empty_space height=&#8221;26px&#8221;][\/vc_column_inner][vc_column_inner width=&#8221;1\/6&#8243;][\/vc_column_inner][\/vc_row_inner][\/vc_column][\/vc_row][vc_row row_type=&#8221;parallax&#8221; text_align=&#8221;center&#8221; background_image=&#8221;146&#8243; full_screen_section_height=&#8221;no&#8221;][vc_column][vc_row_inner row_type=&#8221;row&#8221; type=&#8221;full_width&#8221; use_row_as_full_screen_section_slide=&#8221;no&#8221; text_align=&#8221;center&#8221; css_animation=&#8221;element_from_fade&#8221; transition_delay=&#8221;300&#8243;][vc_column_inner][qode_elements_holder number_of_columns=&#8221;one_column&#8221;][qode_elements_holder_item item_padding=&#8221;11.5% 25.5% 16% 25.5%&#8221; vertical_alignment=&#8221;middle&#8221; item_padding_1280_1600=&#8221;12% 24% 12% 25%&#8221; item_padding_1024_1280=&#8221;11% 25.5% 11% 25.5%&#8221; item_padding_768_1024=&#8221;13% 18.5% 12% 18.5%&#8221; item_padding_600_768=&#8221;16% 8.5% 19% 8.5%&#8221; item_padding_480_600=&#8221;22% 0% 25% 0%&#8221; item_padding_480=&#8221;22% 0% 25% 0%&#8221;][vc_single_image image=&#8221;63&#8243; img_size=&#8221;full&#8221; alignment=&#8221;center&#8221; qode_css_animation=&#8221;&#8221;][vc_empty_space height=&#8221;25px&#8221;][vc_column_text]<\/p>\n<h1><span style=\"color: #ffffff;\">Specialit\u00e0<\/span><\/h1>\n<p>[\/vc_column_text][vc_empty_space height=&#8221;20px&#8221;]<div class=\"custom_font_holder\" style=\"font-family: Dosis; font-size: 16px; line-height: 33px; font-style: normal; font-weight: 600; color: #ffffff; text-decoration: none; letter-spacing: 1.7px; padding: 0 30px; text-align: center;\"><span>\u2014 Tre motivi per tornare a trovarci \u2014<\/span><\/div>[\/qode_elements_holder_item][\/qode_elements_holder][\/vc_column_inner][\/vc_row_inner][\/vc_column][\/vc_row][vc_row row_type=&#8221;row&#8221; use_row_as_full_screen_section=&#8221;no&#8221; type=&#8221;full_width&#8221; text_align=&#8221;center&#8221; background_animation=&#8221;none&#8221; css_animation=&#8221;&#8221; css=&#8221;.vc_custom_1498486086807{background-color: #ffffff !important;}&#8221;][vc_column][qode_elements_holder number_of_columns=&#8221;one_column&#8221; alignment_one_column=&#8221;center&#8221;][qode_elements_holder_item item_padding=&#8221;6.3% 37% 0% 37%&#8221; item_padding_1280_1600=&#8221;9% 31% 0% 31%&#8221; item_padding_1024_1280=&#8221;10% 30% 0% 30%&#8221; item_padding_768_1024=&#8221;12% 24% 0% 24%&#8221; item_padding_600_768=&#8221;12% 17% 0% 17%&#8221; item_padding_480_600=&#8221;21% 7% 0% 7%&#8221; item_padding_480=&#8221;21% 7% 0% 7%&#8221;][vc_single_image image=&#8221;15&#8243; img_size=&#8221;full&#8221; alignment=&#8221;center&#8221; qode_css_animation=&#8221;&#8221;][vc_empty_space height=&#8221;27px&#8221;][vc_column_text]<\/p>\n<h2>SPECIALITA<\/h2>\n<p>[\/vc_column_text][vc_empty_space height=&#8221;26px&#8221;][vc_column_text]<\/p>\n<h4>Ti offriamo un\u2019ampia e ricchissima scelta fra ingredienti sempre freschi e di qualit\u00e0, per una pizza sfiziosa veramente!<br \/>\nLa nostra farinata non potr\u00e0 deluderti, piatto ideale da gustare prima della tua pizza.<br \/>\nPorzione doppia?!<br \/>\nSiamo uno tra gli ultimi locali ad usare la ricetta originale del tanto amato castagnaccio, tipico dolce autunnale, venite a provarlo!<\/h4>\n<p>[\/vc_column_text][\/qode_elements_holder_item][\/qode_elements_holder][\/vc_column][\/vc_row][vc_row row_type=&#8221;row&#8221; use_row_as_full_screen_section=&#8221;no&#8221; type=&#8221;grid&#8221; text_align=&#8221;left&#8221; background_animation=&#8221;none&#8221; css_animation=&#8221;&#8221; css=&#8221;.vc_custom_1498556152735{padding-top: 80px !important;padding-bottom: 120px !important;background-color: #ffffff !important;}&#8221;][vc_column offset=&#8221;vc_col-lg-4 vc_col-md-4&#8243;][vc_single_image image=&#8221;1569&#8243; img_size=&#8221;full&#8221; alignment=&#8221;center&#8221; qode_css_animation=&#8221;&#8221;][vc_empty_space height=&#8221;30px&#8221;][\/vc_column][vc_column offset=&#8221;vc_col-lg-4 vc_col-md-4&#8243;][vc_single_image image=&#8221;1568&#8243; img_size=&#8221;full&#8221; alignment=&#8221;center&#8221; qode_css_animation=&#8221;&#8221;][vc_empty_space height=&#8221;30px&#8221;][\/vc_column][vc_column offset=&#8221;vc_col-lg-4 vc_col-md-4&#8243;][vc_single_image image=&#8221;1567&#8243; img_size=&#8221;full&#8221; alignment=&#8221;center&#8221; qode_css_animation=&#8221;&#8221;][vc_empty_space height=&#8221;30px&#8221;][\/vc_column][\/vc_row]<\/p>\n","protected":false},"excerpt":{"rendered":"<p>[vc_row row_type=&#8221;parallax&#8221; text_align=&#8221;center&#8221; background_image=&#8221;123&#8243; full_screen_section_height=&#8221;no&#8221;][vc_column][vc_row_inner row_type=&#8221;row&#8221; type=&#8221;full_width&#8221; use_row_as_full_screen_section_slide=&#8221;no&#8221; text_align=&#8221;center&#8221; css_animation=&#8221;element_from_fade&#8221; transition_delay=&#8221;300&#8243;][vc_column_inner][qode_elements_holder number_of_columns=&#8221;one_column&#8221;][qode_elements_holder_item item_padding=&#8221;18% 25% 21.5% 25%&#8221; item_padding_1280_1600=&#8221;17% 20% 14% 20%&#8221; item_padding_1024_1280=&#8221;15% 25% 13% 25%&#8221; item_padding_768_1024=&#8221;17% 20% 15% 20%&#8221; item_padding_600_768=&#8221;15% 10% 17% 10%&#8221; item_padding_480_600=&#8221;24% 0% 25% 0%&#8221; item_padding_480=&#8221;24% 0% 25% 0%&#8221;][vc_single_image image=&#8221;63&#8243; img_size=&#8221;full&#8221; alignment=&#8221;center&#8221; qode_css_animation=&#8221;&#8221;][vc_empty_space height=&#8221;24px&#8221;][vc_column_text]&#8230;<\/p>\n","protected":false},"author":1,"featured_media":0,"parent":0,"menu_order":0,"comment_status":"closed","ping_status":"closed","template":"full_width.php","meta":{"footnotes":""},"_links":{"self":[{"href":"https:\/\/www.pizzeriadessi.com\/index.php?rest_route=\/wp\/v2\/pages\/122"}],"collection":[{"href":"https:\/\/www.pizzeriadessi.com\/index.php?rest_route=\/wp\/v2\/pages"}],"about":[{"href":"https:\/\/www.pizzeriadessi.com\/index.php?rest_route=\/wp\/v2\/types\/page"}],"author":[{"embeddable":true,"href":"https:\/\/www.pizzeriadessi.com\/index.php?rest_route=\/wp\/v2\/users\/1"}],"replies":[{"embeddable":true,"href":"https:\/\/www.pizzeriadessi.com\/index.php?rest_route=%2Fwp%2Fv2%2Fcomments&post=122"}],"version-history":[{"count":9,"href":"https:\/\/www.pizzeriadessi.com\/index.php?rest_route=\/wp\/v2\/pages\/122\/revisions"}],"predecessor-version":[{"id":1660,"href":"https:\/\/www.pizzeriadessi.com\/index.php?rest_route=\/wp\/v2\/pages\/122\/revisions\/1660"}],"wp:attachment":[{"href":"https:\/\/www.pizzeriadessi.com\/index.php?rest_route=%2Fwp%2Fv2%2Fmedia&parent=122"}],"curies":[{"name":"wp","href":"https:\/\/api.w.org\/{rel}","templated":true}]}}