{"id":245,"date":"2017-06-27T13:11:33","date_gmt":"2017-06-27T13:11:33","guid":{"rendered":"http:\/\/stockholm23.select-themes.com\/?page_id=245"},"modified":"2019-12-02T21:13:25","modified_gmt":"2019-12-02T21:13:25","slug":"home","status":"publish","type":"page","link":"https:\/\/www.pizzeriadessi.com\/","title":{"rendered":"Home"},"content":{"rendered":"<p>[vc_row row_type=&#8221;row&#8221; use_row_as_full_screen_section=&#8221;no&#8221; type=&#8221;full_width&#8221; text_align=&#8221;center&#8221; background_animation=&#8221;none&#8221; css_animation=&#8221;&#8221; css=&#8221;.vc_custom_1498572422107{background-color: #ffffff !important;}&#8221;][vc_column][qode_elements_holder number_of_columns=&#8221;one_column&#8221; alignment_one_column=&#8221;center&#8221;][qode_elements_holder_item item_padding=&#8221;7% 37% 0% 37%&#8221; item_padding_1280_1600=&#8221;9% 31% 1% 31%&#8221; item_padding_1024_1280=&#8221;8% 30% 1% 30%&#8221; item_padding_768_1024=&#8221;8% 24% 9% 24%&#8221; item_padding_600_768=&#8221;12% 17% 13% 17%&#8221; item_padding_480_600=&#8221;21% 7% 20% 7%&#8221; item_padding_480=&#8221;21% 7% 20% 7%&#8221;][vc_single_image image=&#8221;46&#8243; img_size=&#8221;full&#8221; alignment=&#8221;center&#8221; qode_css_animation=&#8221;&#8221;][vc_empty_space height=&#8221;31px&#8221;][vc_column_text]<\/p>\n<h2>\u2014 Pi\u00f9 di trent\u2019anni di pizza e farinata \u2014<\/h2>\n<p>[\/vc_column_text][vc_empty_space height=&#8221;38px&#8221;][vc_column_text]<\/p>\n<h4>Fame famelica? Puoi venire a trovarci sia a pranzo che a cena, per un rapido spuntino o per una sosta ristoratrice, da solo o in compagnia, il nostro menu ampio e sfizioso sapr\u00e0 soddisfare il tuo palato e il tuo appetito.<br \/>\nPuoi scegliere se fermarti all\u2019interno dei nostri locali in Via Madama Cristina oppure portare la tua ordinazione a casa. Non perder tempo che si fredda!<\/h4>\n<p>[\/vc_column_text][\/qode_elements_holder_item][\/qode_elements_holder][\/vc_column][\/vc_row][vc_row row_type=&#8221;row&#8221; use_row_as_full_screen_section=&#8221;no&#8221; type=&#8221;grid&#8221; text_align=&#8221;center&#8221; background_animation=&#8221;none&#8221; css_animation=&#8221;&#8221; css=&#8221;.vc_custom_1499081673125{padding-top: 30px !important;padding-bottom: 58px !important;background-color: #ffffff !important;}&#8221;][vc_column offset=&#8221;vc_col-lg-4 vc_col-md-4 vc_col-xs-12&#8243;][vc_empty_space height=&#8221;43px&#8221;][vc_single_image image=&#8221;1538&#8243; img_size=&#8221;full&#8221; alignment=&#8221;center&#8221; qode_css_animation=&#8221;&#8221;][vc_empty_space height=&#8221;30px&#8221;][\/vc_column][vc_column offset=&#8221;vc_col-lg-4 vc_col-md-4 vc_col-xs-12&#8243;][vc_single_image image=&#8221;1537&#8243; img_size=&#8221;full&#8221; alignment=&#8221;center&#8221; qode_css_animation=&#8221;&#8221;][vc_empty_space height=&#8221;30px&#8221;][\/vc_column][vc_column offset=&#8221;vc_col-lg-4 vc_col-md-4 vc_col-xs-12&#8243;][vc_single_image image=&#8221;1536&#8243; img_size=&#8221;full&#8221; alignment=&#8221;center&#8221; qode_css_animation=&#8221;&#8221;][vc_empty_space height=&#8221;30px&#8221;][\/vc_column][\/vc_row][vc_row row_type=&#8221;parallax&#8221; text_align=&#8221;center&#8221; background_image=&#8221;146&#8243; full_screen_section_height=&#8221;no&#8221;][vc_column][vc_row_inner row_type=&#8221;row&#8221; type=&#8221;full_width&#8221; use_row_as_full_screen_section_slide=&#8221;no&#8221; text_align=&#8221;center&#8221; css_animation=&#8221;element_from_fade&#8221; transition_delay=&#8221;500&#8243;][vc_column_inner][qode_elements_holder number_of_columns=&#8221;one_column&#8221; alignment_one_column=&#8221;center&#8221;][qode_elements_holder_item item_padding=&#8221;25.5% 26.5% 28% 26.5%&#8221; vertical_alignment=&#8221;middle&#8221; item_padding_1280_1600=&#8221;12% 26.5% 12% 26.5%&#8221; item_padding_1024_1280=&#8221;11% 26.5% 11% 26.5%&#8221; item_padding_768_1024=&#8221;13% 22.5% 12% 22.5%&#8221; item_padding_600_768=&#8221;16% 8.5% 19% 8.5%&#8221; item_padding_480_600=&#8221;15% 5% 15% 5%&#8221; item_padding_480=&#8221;15% 5% 15% 5%&#8221;][vc_single_image image=&#8221;63&#8243; img_size=&#8221;full&#8221; alignment=&#8221;center&#8221; qode_css_animation=&#8221;&#8221;][vc_empty_space height=&#8221;25px&#8221;][vc_column_text]<\/p>\n<h1 style=\"text-align: center;\"><span style=\"color: #ffffff;\">Tre motivi per tornare a trovarci<\/span><\/h1>\n<p>[\/vc_column_text][vc_empty_space height=&#8221;14px&#8221;][vc_column_text]<\/p>\n<h4 style=\"text-align: center;\"><span style=\"color: #ffffff;\"><br \/>\nTi offriamo un\u2019ampia e ricchissima scelta fra ingredienti sempre freschi e di qualit\u00e0, per una pizza sfiziosa veramente!<br \/>\nLa nostra farinata non potr\u00e0 deluderti, piatto ideale da gustare prima della tua pizza.<br \/>\nPorzione doppia?!<br \/>\nSiamo uno tra gli ultimi locali ad usare la ricetta originale del tanto amato castagnaccio, tipico dolce autunnale, venite a provarlo!<\/span><\/h4>\n<p>[\/vc_column_text][\/qode_elements_holder_item][\/qode_elements_holder][\/vc_column_inner][\/vc_row_inner][\/vc_column][\/vc_row][vc_row row_type=&#8221;parallax&#8221; text_align=&#8221;center&#8221; background_image=&#8221;262&#8243; full_screen_section_height=&#8221;no&#8221;][vc_column][qode_elements_holder number_of_columns=&#8221;one_column&#8221;][qode_elements_holder_item item_padding=&#8221;18.5% 0% 19% 55%&#8221; vertical_alignment=&#8221;middle&#8221; item_padding_1280_1600=&#8221;12.5% 0% 12% 55%&#8221; item_padding_1024_1280=&#8221;12.5% 4% 12% 51%&#8221; item_padding_600_768=&#8221;18.5% 0% 20% 46%&#8221;][vc_single_image image=&#8221;15&#8243; img_size=&#8221;full&#8221; alignment=&#8221;center&#8221; qode_css_animation=&#8221;&#8221;][vc_empty_space height=&#8221;20px&#8221;][vc_column_text css=&#8221;.vc_custom_1564604770056{padding-right: 6% !important;padding-left: 6% !important;}&#8221;]<\/p>\n<h2>Pranzo<\/h2>\n<p>[\/vc_column_text][vc_empty_space height=&#8221;20px&#8221;][vc_column_text]<\/p>\n<h4>Per il pranzo sono disponibili i nostri primi piatti, ogni giorno diversi, serviti sia al tavolo che da asporto al costo di 4 euro. Non cibi precotti ma piatti preparati dal nostro cuoco quotidianamente. Il prezzo cos\u00ec competitivo fa parte della nostra personale filosofia!<\/h4>\n<p>[\/vc_column_text][vc_empty_space height=&#8221;50px&#8221;][vc_single_image image=&#8221;1558&#8243; img_size=&#8221;full&#8221; alignment=&#8221;center&#8221; qode_css_animation=&#8221;&#8221;][\/qode_elements_holder_item][\/qode_elements_holder][\/vc_column][\/vc_row][vc_row row_type=&#8221;row&#8221; use_row_as_full_screen_section=&#8221;no&#8221; type=&#8221;full_width&#8221; text_align=&#8221;center&#8221; background_animation=&#8221;none&#8221; css_animation=&#8221;&#8221;][vc_column offset=&#8221;vc_col-lg-6 vc_col-md-12 vc_col-xs-12&#8243;][qode_elements_holder number_of_columns=&#8221;one_column&#8221;][qode_elements_holder_item item_padding=&#8221;25% 15% 0% 31%&#8221; item_padding_1280_1600=&#8221;23% 20% 0% 24%&#8221; item_padding_1024_1280=&#8221;18% 18% 0% 18%&#8221; item_padding_768_1024=&#8221;13% 16% 0% 16%&#8221;][vc_single_image image=&#8221;15&#8243; img_size=&#8221;full&#8221; alignment=&#8221;center&#8221; qode_css_animation=&#8221;&#8221;][vc_empty_space height=&#8221;20px&#8221;][vc_column_text css=&#8221;.vc_custom_1564604808346{padding-right: 6% !important;padding-left: 6% !important;}&#8221;]<\/p>\n<h2>Asporto<\/h2>\n<p>[\/vc_column_text][vc_empty_space height=&#8221;20px&#8221;][vc_column_text]<\/p>\n<h4>Una pizza \u00e8 la migliore soluzione, quando non si ha tempo per cucinare e si desidera mangiare comunque qualcosa di buono. Dess\u00ec ti offre una vasta scelta di gusti, ingredienti di qualit\u00e0 e altre sfiziose aggiunte. Rapido, economico, gustoso. Allora cosa aspetti?<\/h4>\n<p>[\/vc_column_text][vc_empty_space height=&#8221;43px&#8221;][\/qode_elements_holder_item][\/qode_elements_holder][\/vc_column][vc_column offset=&#8221;vc_col-lg-6 vc_col-md-12 vc_col-xs-12&#8243;][qode_elements_holder number_of_columns=&#8221;one_column&#8221;][qode_elements_holder_item item_padding=&#8221;13% 5% 11% 6%&#8221; item_padding_1280_1600=&#8221;13% 24% 9% 6%&#8221; item_padding_768_1024=&#8221;10% 0% 8% 23%&#8221;][vc_single_image image=&#8221;1540&#8243; img_size=&#8221;full&#8221; qode_css_animation=&#8221;&#8221;][\/qode_elements_holder_item][\/qode_elements_holder][\/vc_column][\/vc_row]<\/p>\n","protected":false},"excerpt":{"rendered":"<p>[vc_row row_type=&#8221;row&#8221; use_row_as_full_screen_section=&#8221;no&#8221; type=&#8221;full_width&#8221; text_align=&#8221;center&#8221; background_animation=&#8221;none&#8221; css_animation=&#8221;&#8221; css=&#8221;.vc_custom_1498572422107{background-color: #ffffff !important;}&#8221;][vc_column][qode_elements_holder number_of_columns=&#8221;one_column&#8221; alignment_one_column=&#8221;center&#8221;][qode_elements_holder_item item_padding=&#8221;7% 37% 0% 37%&#8221; item_padding_1280_1600=&#8221;9% 31% 1% 31%&#8221; item_padding_1024_1280=&#8221;8% 30% 1% 30%&#8221; item_padding_768_1024=&#8221;8% 24% 9% 24%&#8221; item_padding_600_768=&#8221;12% 17% 13% 17%&#8221; item_padding_480_600=&#8221;21% 7% 20% 7%&#8221; item_padding_480=&#8221;21% 7% 20% 7%&#8221;][vc_single_image image=&#8221;46&#8243; img_size=&#8221;full&#8221; alignment=&#8221;center&#8221; qode_css_animation=&#8221;&#8221;][vc_empty_space height=&#8221;31px&#8221;][vc_column_text]&#8230;<\/p>\n","protected":false},"author":1,"featured_media":0,"parent":0,"menu_order":0,"comment_status":"closed","ping_status":"closed","template":"full_width.php","meta":{"footnotes":""},"_links":{"self":[{"href":"https:\/\/www.pizzeriadessi.com\/index.php?rest_route=\/wp\/v2\/pages\/245"}],"collection":[{"href":"https:\/\/www.pizzeriadessi.com\/index.php?rest_route=\/wp\/v2\/pages"}],"about":[{"href":"https:\/\/www.pizzeriadessi.com\/index.php?rest_route=\/wp\/v2\/types\/page"}],"author":[{"embeddable":true,"href":"https:\/\/www.pizzeriadessi.com\/index.php?rest_route=\/wp\/v2\/users\/1"}],"replies":[{"embeddable":true,"href":"https:\/\/www.pizzeriadessi.com\/index.php?rest_route=%2Fwp%2Fv2%2Fcomments&post=245"}],"version-history":[{"count":7,"href":"https:\/\/www.pizzeriadessi.com\/index.php?rest_route=\/wp\/v2\/pages\/245\/revisions"}],"predecessor-version":[{"id":1659,"href":"https:\/\/www.pizzeriadessi.com\/index.php?rest_route=\/wp\/v2\/pages\/245\/revisions\/1659"}],"wp:attachment":[{"href":"https:\/\/www.pizzeriadessi.com\/index.php?rest_route=%2Fwp%2Fv2%2Fmedia&parent=245"}],"curies":[{"name":"wp","href":"https:\/\/api.w.org\/{rel}","templated":true}]}}